{"id":31455,"date":"2025-11-13T16:38:25","date_gmt":"2025-11-13T21:38:25","guid":{"rendered":"https:\/\/corremitierra.com\/?page_id=31455"},"modified":"2025-11-13T16:39:04","modified_gmt":"2025-11-13T21:39:04","slug":"inscritos_medallabogota2025","status":"publish","type":"page","link":"https:\/\/corremitierra.com\/en\/inscritos_medallabogota2025\/","title":{"rendered":"Ins Esta Medalla te Espera"},"content":{"rendered":"<div data-elementor-type=\"wp-page\" data-elementor-id=\"31455\" class=\"elementor elementor-31455\" data-elementor-post-type=\"page\">\n\t\t\t\t<div class=\"elementor-element elementor-element-0a61e3e e-flex e-con-boxed e-con e-parent\" data-id=\"0a61e3e\" data-element_type=\"container\" data-e-type=\"container\" data-settings=\"{&quot;background_background&quot;:&quot;classic&quot;}\">\n\t\t\t\t\t<div class=\"e-con-inner\">\n\t\t\t\t<div class=\"elementor-element elementor-element-f81fe7e elementor-widget elementor-widget-heading\" data-id=\"f81fe7e\" data-element_type=\"widget\" data-e-type=\"widget\" data-settings=\"{&quot;ekit_we_effect_on&quot;:&quot;none&quot;}\" data-widget_type=\"heading.default\">\n\t\t\t\t<div class=\"elementor-widget-container\">\n\t\t\t\t\t<h2 class=\"elementor-heading-title elementor-size-default\">TENEMOS UN MENSAJE PARA TI\n\ud83e\udd81<\/h2>\t\t\t\t<\/div>\n\t\t\t\t<\/div>\n\t\t\t\t\t<\/div>\n\t\t\t\t<\/div>\n\t\t\t\t<section class=\"elementor-section elementor-top-section elementor-element elementor-element-6be1c09 elementor-section-boxed elementor-section-height-default elementor-section-height-default\" data-id=\"6be1c09\" data-element_type=\"section\" data-e-type=\"section\" data-settings=\"{&quot;background_background&quot;:&quot;classic&quot;}\">\n\t\t\t\t\t\t<div class=\"elementor-container elementor-column-gap-default\">\n\t\t\t\t\t<div class=\"elementor-column elementor-col-100 elementor-top-column elementor-element elementor-element-7d401f73\" data-id=\"7d401f73\" data-element_type=\"column\" data-e-type=\"column\">\n\t\t\t<div class=\"elementor-widget-wrap elementor-element-populated\">\n\t\t\t\t\t\t<div class=\"elementor-element elementor-element-120b9c1 elementor-widget__width-initial elementor-widget elementor-widget-video\" data-id=\"120b9c1\" data-element_type=\"widget\" data-e-type=\"widget\" data-settings=\"{&quot;video_type&quot;:&quot;hosted&quot;,&quot;controls&quot;:&quot;yes&quot;,&quot;ekit_we_effect_on&quot;:&quot;none&quot;}\" data-widget_type=\"video.default\">\n\t\t\t\t<div class=\"elementor-widget-container\">\n\t\t\t\t\t\t\t<div class=\"e-hosted-video elementor-wrapper elementor-open-inline\">\n\t\t\t\t\t<video class=\"elementor-video\" src=\"https:\/\/corremitierra.com\/wp-content\/uploads\/2025\/11\/medalla_v1-540p.mp4\" controls=\"\" preload=\"metadata\" controlslist=\"nodownload\"><\/video>\n\t\t\t\t<\/div>\n\t\t\t\t\t\t<\/div>\n\t\t\t\t<\/div>\n\t\t\t\t<div class=\"elementor-element elementor-element-3f71ca1 elementor-widget elementor-widget-text-editor\" data-id=\"3f71ca1\" data-element_type=\"widget\" data-e-type=\"widget\" data-settings=\"{&quot;ekit_we_effect_on&quot;:&quot;none&quot;}\" data-widget_type=\"text-editor.default\">\n\t\t\t\t<div class=\"elementor-widget-container\">\n\t\t\t\t\t\t\t\t\t<p><strong>Est\u00e1s muy cerca de vivir una experiencia \u00fanica.<\/strong><br data-start=\"1138\" data-end=\"1141\" \/><b>Queremos verte en la salida y en la meta de CORREMITIERRA<\/b><\/p>\t\t\t\t\t\t\t\t<\/div>\n\t\t\t\t<\/div>\n\t\t\t\t\t<\/div>\n\t\t<\/div>\n\t\t\t\t\t<\/div>\n\t\t<\/section>\n\t\t<div class=\"elementor-element elementor-element-a5bda5a e-flex e-con-boxed e-con e-parent\" data-id=\"a5bda5a\" data-element_type=\"container\" data-e-type=\"container\" data-settings=\"{&quot;background_background&quot;:&quot;classic&quot;}\">\n\t\t\t\t\t<div class=\"e-con-inner\">\n\t\t\t\t<div class=\"elementor-element elementor-element-5f951eb elementor-widget elementor-widget-text-editor\" data-id=\"5f951eb\" data-element_type=\"widget\" data-e-type=\"widget\" data-settings=\"{&quot;ekit_we_effect_on&quot;:&quot;none&quot;}\" data-widget_type=\"text-editor.default\">\n\t\t\t\t<div class=\"elementor-widget-container\">\n\t\t\t\t\t\t\t\t\t<p>Descarga <strong data-start=\"943\" data-end=\"967\">la Gu\u00eda del Runnerstar<\/strong>, con todo lo que necesitas para prepararte para <strong data-start=\"1016\" data-end=\"1042\">Corre Mi Tierra Bogot\u00e1<\/strong>.<\/p><p><br data-start=\"1043\" data-end=\"1046\" \/>Haz clic en el bot\u00f3n y prep\u00e1rate para vivir la emoci\u00f3n del running.<\/p>\t\t\t\t\t\t\t\t<\/div>\n\t\t\t\t<\/div>\n\t\t\t\t<div class=\"elementor-element elementor-element-70e0bed elementor-align-center elementor-widget elementor-widget-button\" data-id=\"70e0bed\" data-element_type=\"widget\" data-e-type=\"widget\" data-settings=\"{&quot;ekit_we_effect_on&quot;:&quot;none&quot;}\" data-widget_type=\"button.default\">\n\t\t\t\t<div class=\"elementor-widget-container\">\n\t\t\t\t\t\t\t\t\t<div class=\"elementor-button-wrapper\">\n\t\t\t\t\t<a class=\"elementor-button elementor-button-link elementor-size-sm\" href=\"https:\/\/corremitierra.com\/wp-content\/uploads\/2025\/11\/guia-de-runnerstar_compressed-1.pdf\" target=\"_blank\">\n\t\t\t\t\t\t<span class=\"elementor-button-content-wrapper\">\n\t\t\t\t\t\t\t\t\t<span class=\"elementor-button-text\">GU\u00cdA DEL RUNNERSTAR<\/span>\n\t\t\t\t\t<\/span>\n\t\t\t\t\t<\/a>\n\t\t\t\t<\/div>\n\t\t\t\t\t\t\t\t<\/div>\n\t\t\t\t<\/div>\n\t\t\t\t\t<\/div>\n\t\t\t\t<\/div>\n\t\t<div class=\"elementor-element elementor-element-c71ad69 e-flex e-con-boxed e-con e-parent\" data-id=\"c71ad69\" data-element_type=\"container\" data-e-type=\"container\">\n\t\t\t\t\t<div class=\"e-con-inner\">\n\t\t\t\t<div class=\"elementor-element elementor-element-6a1426b elementor-widget elementor-widget-heading\" data-id=\"6a1426b\" data-element_type=\"widget\" data-e-type=\"widget\" data-settings=\"{&quot;ekit_we_effect_on&quot;:&quot;none&quot;}\" data-widget_type=\"heading.default\">\n\t\t\t\t<div class=\"elementor-widget-container\">\n\t\t\t\t\t<h2 class=\"elementor-heading-title elementor-size-default\">MARCAS QUE APOYAN LA SALUD Y EL DEPORTE<\/h2>\t\t\t\t<\/div>\n\t\t\t\t<\/div>\n\t\t\t\t<div class=\"elementor-element elementor-element-26e692c elementor-widget elementor-widget-image\" data-id=\"26e692c\" data-element_type=\"widget\" data-e-type=\"widget\" data-settings=\"{&quot;ekit_we_effect_on&quot;:&quot;none&quot;}\" data-widget_type=\"image.default\">\n\t\t\t\t<div class=\"elementor-widget-container\">\n\t\t\t\t\t\t\t\t\t\t\t\t\t\t\t<img fetchpriority=\"high\" decoding=\"async\" width=\"1794\" height=\"746\" src=\"https:\/\/corremitierra.com\/wp-content\/uploads\/2025\/11\/sponsorsBogota4.png\" class=\"attachment-large size-large wp-image-31422\" alt=\"\" srcset=\"https:\/\/corremitierra.com\/wp-content\/uploads\/2025\/11\/sponsorsBogota4.png 1794w, https:\/\/corremitierra.com\/wp-content\/uploads\/2025\/11\/sponsorsBogota4-768x319.png 768w, https:\/\/corremitierra.com\/wp-content\/uploads\/2025\/11\/sponsorsBogota4-1536x639.png 1536w, https:\/\/corremitierra.com\/wp-content\/uploads\/2025\/11\/sponsorsBogota4-18x7.png 18w\" sizes=\"(max-width: 1794px) 100vw, 1794px\" \/>\t\t\t\t\t\t\t\t\t\t\t\t\t\t\t<\/div>\n\t\t\t\t<\/div>\n\t\t\t\t\t<\/div>\n\t\t\t\t<\/div>\n\t\t\t\t<\/div>","protected":false},"excerpt":{"rendered":"<p>CORREMITIERRA BOGOT\u00c1 \/ 10K<\/p>","protected":false},"author":1,"featured_media":31282,"parent":0,"menu_order":0,"comment_status":"closed","ping_status":"closed","template":"elementor_header_footer","meta":{"_acf_changed":false,"footnotes":""},"class_list":["post-31455","page","type-page","status-publish","has-post-thumbnail","hentry"],"acf":[],"yoast_head":"<!-- This site is optimized with the Yoast SEO plugin v26.9 - https:\/\/yoast.com\/product\/yoast-seo-wordpress\/ -->\n<title>Ins Esta Medalla te Espera - CORREMITIERRA<\/title>\n<meta name=\"description\" content=\"Corre mi Tierra, con 30 a\u00f1os de trayectoria, genera empleo y crea eventos \u00fanicos. \u00danete a nosotros y transforma tu experiencia deportiva\" \/>\n<meta name=\"robots\" content=\"index, follow, max-snippet:-1, max-image-preview:large, max-video-preview:-1\" \/>\n<link rel=\"canonical\" href=\"https:\/\/corremitierra.com\/en\/inscritos_medallabogota2025\/\" \/>\n<meta property=\"og:locale\" content=\"en_US\" \/>\n<meta property=\"og:type\" content=\"article\" \/>\n<meta property=\"og:title\" content=\"Ins Esta Medalla te Espera - CORREMITIERRA\" \/>\n<meta property=\"og:description\" content=\"Corre mi Tierra, con 30 a\u00f1os de trayectoria, genera empleo y crea eventos \u00fanicos. \u00danete a nosotros y transforma tu experiencia deportiva\" \/>\n<meta property=\"og:url\" content=\"https:\/\/corremitierra.com\/en\/inscritos_medallabogota2025\/\" \/>\n<meta property=\"og:site_name\" content=\"CORREMITIERRA\" \/>\n<meta property=\"article:modified_time\" content=\"2025-11-13T21:39:04+00:00\" \/>\n<meta property=\"og:image\" content=\"https:\/\/corremitierra.com\/wp-content\/uploads\/2025\/11\/MPC06391-scaled.jpg\" \/>\n\t<meta property=\"og:image:width\" content=\"1707\" \/>\n\t<meta property=\"og:image:height\" content=\"2560\" \/>\n\t<meta property=\"og:image:type\" content=\"image\/jpeg\" \/>\n<meta name=\"twitter:card\" content=\"summary_large_image\" \/>\n<meta name=\"twitter:label1\" content=\"Est. reading time\" \/>\n\t<meta name=\"twitter:data1\" content=\"1 minute\" \/>\n<script type=\"application\/ld+json\" class=\"yoast-schema-graph\">{\"@context\":\"https:\/\/schema.org\",\"@graph\":[{\"@type\":\"WebPage\",\"@id\":\"https:\/\/corremitierra.com\/inscritos_medallabogota2025\/\",\"url\":\"https:\/\/corremitierra.com\/inscritos_medallabogota2025\/\",\"name\":\"Ins Esta Medalla te Espera - CORREMITIERRA\",\"isPartOf\":{\"@id\":\"https:\/\/corremitierra.com\/#website\"},\"primaryImageOfPage\":{\"@id\":\"https:\/\/corremitierra.com\/inscritos_medallabogota2025\/#primaryimage\"},\"image\":{\"@id\":\"https:\/\/corremitierra.com\/inscritos_medallabogota2025\/#primaryimage\"},\"thumbnailUrl\":\"https:\/\/corremitierra.com\/wp-content\/uploads\/2025\/11\/MPC06391-scaled.jpg\",\"datePublished\":\"2025-11-13T21:38:25+00:00\",\"dateModified\":\"2025-11-13T21:39:04+00:00\",\"description\":\"Corre mi Tierra, con 30 a\u00f1os de trayectoria, genera empleo y crea eventos \u00fanicos. \u00danete a nosotros y transforma tu experiencia deportiva\",\"breadcrumb\":{\"@id\":\"https:\/\/corremitierra.com\/inscritos_medallabogota2025\/#breadcrumb\"},\"inLanguage\":\"en-US\",\"potentialAction\":[{\"@type\":\"ReadAction\",\"target\":[\"https:\/\/corremitierra.com\/inscritos_medallabogota2025\/\"]}]},{\"@type\":\"ImageObject\",\"inLanguage\":\"en-US\",\"@id\":\"https:\/\/corremitierra.com\/inscritos_medallabogota2025\/#primaryimage\",\"url\":\"https:\/\/corremitierra.com\/wp-content\/uploads\/2025\/11\/MPC06391-scaled.jpg\",\"contentUrl\":\"https:\/\/corremitierra.com\/wp-content\/uploads\/2025\/11\/MPC06391-scaled.jpg\",\"width\":1707,\"height\":2560},{\"@type\":\"BreadcrumbList\",\"@id\":\"https:\/\/corremitierra.com\/inscritos_medallabogota2025\/#breadcrumb\",\"itemListElement\":[{\"@type\":\"ListItem\",\"position\":1,\"name\":\"Portada\",\"item\":\"https:\/\/corremitierra.com\/\"},{\"@type\":\"ListItem\",\"position\":2,\"name\":\"Ins Esta Medalla te Espera\"}]},{\"@type\":\"WebSite\",\"@id\":\"https:\/\/corremitierra.com\/#website\",\"url\":\"https:\/\/corremitierra.com\/\",\"name\":\"CORREMITIERRA\",\"description\":\"Mucho m\u00e1s que una carrera\",\"publisher\":{\"@id\":\"https:\/\/corremitierra.com\/#organization\"},\"potentialAction\":[{\"@type\":\"SearchAction\",\"target\":{\"@type\":\"EntryPoint\",\"urlTemplate\":\"https:\/\/corremitierra.com\/?s={search_term_string}\"},\"query-input\":{\"@type\":\"PropertyValueSpecification\",\"valueRequired\":true,\"valueName\":\"search_term_string\"}}],\"inLanguage\":\"en-US\"},{\"@type\":\"Organization\",\"@id\":\"https:\/\/corremitierra.com\/#organization\",\"name\":\"CORREMITIERRA\",\"url\":\"https:\/\/corremitierra.com\/\",\"logo\":{\"@type\":\"ImageObject\",\"inLanguage\":\"en-US\",\"@id\":\"https:\/\/corremitierra.com\/#\/schema\/logo\/image\/\",\"url\":\"https:\/\/corremitierra.com\/wp-content\/uploads\/2023\/02\/cropped-sello-corremitierra.png\",\"contentUrl\":\"https:\/\/corremitierra.com\/wp-content\/uploads\/2023\/02\/cropped-sello-corremitierra.png\",\"width\":512,\"height\":512,\"caption\":\"CORREMITIERRA\"},\"image\":{\"@id\":\"https:\/\/corremitierra.com\/#\/schema\/logo\/image\/\"}}]}<\/script>\n<!-- \/ Yoast SEO plugin. -->","yoast_head_json":{"title":"Ins Esta Medalla te Espera - CORREMITIERRA","description":"Corre mi Tierra, con 30 a\u00f1os de trayectoria, genera empleo y crea eventos \u00fanicos. \u00danete a nosotros y transforma tu experiencia deportiva","robots":{"index":"index","follow":"follow","max-snippet":"max-snippet:-1","max-image-preview":"max-image-preview:large","max-video-preview":"max-video-preview:-1"},"canonical":"https:\/\/corremitierra.com\/en\/inscritos_medallabogota2025\/","og_locale":"en_US","og_type":"article","og_title":"Ins Esta Medalla te Espera - CORREMITIERRA","og_description":"Corre mi Tierra, con 30 a\u00f1os de trayectoria, genera empleo y crea eventos \u00fanicos. \u00danete a nosotros y transforma tu experiencia deportiva","og_url":"https:\/\/corremitierra.com\/en\/inscritos_medallabogota2025\/","og_site_name":"CORREMITIERRA","article_modified_time":"2025-11-13T21:39:04+00:00","og_image":[{"width":1707,"height":2560,"url":"https:\/\/corremitierra.com\/wp-content\/uploads\/2025\/11\/MPC06391-scaled.jpg","type":"image\/jpeg"}],"twitter_card":"summary_large_image","twitter_misc":{"Est. reading time":"1 minute"},"schema":{"@context":"https:\/\/schema.org","@graph":[{"@type":"WebPage","@id":"https:\/\/corremitierra.com\/inscritos_medallabogota2025\/","url":"https:\/\/corremitierra.com\/inscritos_medallabogota2025\/","name":"Ins Esta Medalla te Espera - CORREMITIERRA","isPartOf":{"@id":"https:\/\/corremitierra.com\/#website"},"primaryImageOfPage":{"@id":"https:\/\/corremitierra.com\/inscritos_medallabogota2025\/#primaryimage"},"image":{"@id":"https:\/\/corremitierra.com\/inscritos_medallabogota2025\/#primaryimage"},"thumbnailUrl":"https:\/\/corremitierra.com\/wp-content\/uploads\/2025\/11\/MPC06391-scaled.jpg","datePublished":"2025-11-13T21:38:25+00:00","dateModified":"2025-11-13T21:39:04+00:00","description":"Corre mi Tierra, con 30 a\u00f1os de trayectoria, genera empleo y crea eventos \u00fanicos. \u00danete a nosotros y transforma tu experiencia deportiva","breadcrumb":{"@id":"https:\/\/corremitierra.com\/inscritos_medallabogota2025\/#breadcrumb"},"inLanguage":"en-US","potentialAction":[{"@type":"ReadAction","target":["https:\/\/corremitierra.com\/inscritos_medallabogota2025\/"]}]},{"@type":"ImageObject","inLanguage":"en-US","@id":"https:\/\/corremitierra.com\/inscritos_medallabogota2025\/#primaryimage","url":"https:\/\/corremitierra.com\/wp-content\/uploads\/2025\/11\/MPC06391-scaled.jpg","contentUrl":"https:\/\/corremitierra.com\/wp-content\/uploads\/2025\/11\/MPC06391-scaled.jpg","width":1707,"height":2560},{"@type":"BreadcrumbList","@id":"https:\/\/corremitierra.com\/inscritos_medallabogota2025\/#breadcrumb","itemListElement":[{"@type":"ListItem","position":1,"name":"Portada","item":"https:\/\/corremitierra.com\/"},{"@type":"ListItem","position":2,"name":"Ins Esta Medalla te Espera"}]},{"@type":"WebSite","@id":"https:\/\/corremitierra.com\/#website","url":"https:\/\/corremitierra.com\/","name":"CORREMITIERRA","description":"Much more than a race","publisher":{"@id":"https:\/\/corremitierra.com\/#organization"},"potentialAction":[{"@type":"SearchAction","target":{"@type":"EntryPoint","urlTemplate":"https:\/\/corremitierra.com\/?s={search_term_string}"},"query-input":{"@type":"PropertyValueSpecification","valueRequired":true,"valueName":"search_term_string"}}],"inLanguage":"en-US"},{"@type":"Organization","@id":"https:\/\/corremitierra.com\/#organization","name":"CORREMITIERRA","url":"https:\/\/corremitierra.com\/","logo":{"@type":"ImageObject","inLanguage":"en-US","@id":"https:\/\/corremitierra.com\/#\/schema\/logo\/image\/","url":"https:\/\/corremitierra.com\/wp-content\/uploads\/2023\/02\/cropped-sello-corremitierra.png","contentUrl":"https:\/\/corremitierra.com\/wp-content\/uploads\/2023\/02\/cropped-sello-corremitierra.png","width":512,"height":512,"caption":"CORREMITIERRA"},"image":{"@id":"https:\/\/corremitierra.com\/#\/schema\/logo\/image\/"}}]}},"_links":{"self":[{"href":"https:\/\/corremitierra.com\/en\/wp-json\/wp\/v2\/pages\/31455","targetHints":{"allow":["GET"]}}],"collection":[{"href":"https:\/\/corremitierra.com\/en\/wp-json\/wp\/v2\/pages"}],"about":[{"href":"https:\/\/corremitierra.com\/en\/wp-json\/wp\/v2\/types\/page"}],"author":[{"embeddable":true,"href":"https:\/\/corremitierra.com\/en\/wp-json\/wp\/v2\/users\/1"}],"replies":[{"embeddable":true,"href":"https:\/\/corremitierra.com\/en\/wp-json\/wp\/v2\/comments?post=31455"}],"version-history":[{"count":4,"href":"https:\/\/corremitierra.com\/en\/wp-json\/wp\/v2\/pages\/31455\/revisions"}],"predecessor-version":[{"id":31463,"href":"https:\/\/corremitierra.com\/en\/wp-json\/wp\/v2\/pages\/31455\/revisions\/31463"}],"wp:featuredmedia":[{"embeddable":true,"href":"https:\/\/corremitierra.com\/en\/wp-json\/wp\/v2\/media\/31282"}],"wp:attachment":[{"href":"https:\/\/corremitierra.com\/en\/wp-json\/wp\/v2\/media?parent=31455"}],"curies":[{"name":"wp","href":"https:\/\/api.w.org\/{rel}","templated":true}]}}